{"id":28855,"date":"2021-12-10T10:33:00","date_gmt":"2021-12-10T09:33:34","guid":{"rendered":"https:\/\/feedback.livewelt.de\/show-2\/"},"modified":"2024-02-09T15:00:16","modified_gmt":"2024-02-09T14:00:16","slug":"systems","status":"publish","type":"page","link":"https:\/\/feedback.info\/en\/systems\/","title":{"rendered":"Systems"},"content":{"rendered":"<div data-elementor-type=\"wp-page\" data-elementor-id=\"28855\" class=\"elementor elementor-28855\" data-elementor-post-type=\"page\">\n\t\t\t\t\t\t<section class=\"elementor-section elementor-top-section elementor-element elementor-element-af31c3b elementor-section-full_width elementor-section-height-default elementor-section-height-default elementor-invisible\" data-id=\"af31c3b\" data-element_type=\"section\" data-settings=\"{&quot;animation&quot;:&quot;fadeInUp&quot;}\">\n\t\t\t\t\t\t<div class=\"elementor-container elementor-column-gap-no\">\n\t\t\t\t\t<div class=\"elementor-column elementor-col-100 elementor-top-column elementor-element elementor-element-51d3140\" data-id=\"51d3140\" data-element_type=\"column\">\n\t\t\t<div class=\"elementor-widget-wrap elementor-element-populated\">\n\t\t\t\t\t\t<div class=\"elementor-element elementor-element-aa842c0 elementor-widget elementor-widget-elementor-images-accordion-extension\" data-id=\"aa842c0\" data-element_type=\"widget\" data-widget_type=\"elementor-images-accordion-extension.default\">\n\t\t\t\t<div class=\"elementor-widget-container\">\n\t\t\t<span id=\"aa842c0\"><\/span>\t\t<div class=\"elementor-images-accordion\" role=\"tablist\">\n\t\t\t<div class=\"elementor-images-accordion-wrapper dont_show_first_item\">\n\t\t\t\t\t\t\t\n\t\t\t\t\t\t<div class=\"accordion_ac_box accordion_ac_box-178\" style=\"background: url(https:\/\/feedback.info\/wp-content\/uploads\/2022\/02\/Bu\u0308hne4.jpg);background:linear-gradient(0deg, #00000059, #00000059), url(https:\/\/feedback.info\/wp-content\/uploads\/2022\/02\/Bu\u0308hne4.jpg);background-size:cover;\">\n\t\t\t\t\t\t\t<style>\n\t\t\t\t\t\t\t\t@media (max-width: 992px) { \n\t\t\t\t\t\t\t\t\t.elementor-images-accordion .elementor-images-accordion-wrapper .accordion_ac_box-178,\n\t\t\t\t\t\t\t\t\t.elementor-images-accordion .elementor-images-accordion-wrapper .accordion_ac_box-178:hover, .elementor-images-accordion .elementor-images-accordion-wrapper .accordion_ac_box-178.active {\n\t\t\t\t\t\t\t\t\t\tmin-height: calc(650px*1.2)!important;\n\t\t\t\t\t\t\t\t\t}\n\t\t\t\t\t\t\t\t}\n\t\t\t\t\t\t\t\t@media (max-width: 768px) {  \n\t\t\t\t\t\t\t\t\t.elementor-images-accordion .elementor-images-accordion-wrapper .accordion_ac_box-178:hover, .elementor-images-accordion .elementor-images-accordion-wrapper .accordion_ac_box-178.active {\n\t\t\t\t\t\t\t\t\t\tmin-height: calc(650px*1.5)!important;\n\t\t\t\t\t\t\t\t\t}\n\t\t\t\t\t\t\t\t\t.elementor-images-accordion .elementor-images-accordion-wrapper .accordion_ac_box-178 {\n\t\t\t\t\t\t\t\t\t\tmin-height: 250px!important;\n\t\t\t\t\t\t\t\t\t}\n\t\t\t\t\t\t\t\t}\n\t\t\t\t\t\t\t<\/style>\n\t\t\t\t\t\t\t<div class=\"accordion_overlay\">\n\t\t\t\t\t\t\t  <div class=\"accordion_content accordion_overlay_inner\">\n\t\t\t\t\t\t\t\t<h3>Dry Hire<\/h3>\n\t\t\t\t\t\t\t\t\n\t\t\t\t\t\t\t\t  <div class=\"content\"><h3>Exclusively for rental partners<\/h3><\/div>\n\t\t\t\t\t\t\t\t\t\t\t\t\t\t\t\t  <a href=\"#dryhire\"   class=\"accordion_btn\">Read more<\/a>\n\t\t\t\t\t\t\t\t\t\t\t\t\t\t\t  <\/div>    \n\t\t\t\t\t\t\t <\/div>\n\n\t\t\t\t\t\t\t\t\t\t\t\t\t\t\n\t\t\t\t\t\t\t\n\t\t\t\t\t\t\t\t\n\t\t\t\t\t\t\t\n\t\t\t\t\t\t\t <div class=\"accordion-title\">\n\t\t\t\t\t\t\t\t\t\t\t\t\t\t\t\t<strong class=\"heading-padding\">Dry Hire<\/strong>\n\t\t\t\t\t\t\t<\/div>\n\t\t\t\t\t\t\t\n\t\t\t\t\t\t\t\t\t\t\t\t\t\t\n\t\t\t\t\t\t\t \t\t\t\t\t\t\t <div class=\"accordion-heading accordion_trigger-178\">\n\n\t\t\t\t\t\t\t\t\t\t\t\t\t\t\t\t\t<span class=\"fa fa-plus accordion_deactive bbb heading-padding\"><\/span>\n\t\t\t\t\t\t\t\t\t<span class=\"fa fa-minus accordion_active bbb heading-padding\"><\/span>  \n\t\t\t\t\t\t\t\t\t\t\t\t\t\t\t\t <\/div>\n\t\t\t\t\t\t\t \t\t\t\t\t\t<\/div>\n\t\t\t\t\t\n\t\t\t\t\t\t\t\n\t\t\t\t\t\t<div class=\"accordion_ac_box accordion_ac_box-178\" style=\"background: url(https:\/\/feedback.info\/wp-content\/uploads\/2022\/02\/IMG_3861.jpg);background:linear-gradient(0deg, #00000059, #00000059), url(https:\/\/feedback.info\/wp-content\/uploads\/2022\/02\/IMG_3861.jpg);background-size:cover;\">\n\t\t\t\t\t\t\t<style>\n\t\t\t\t\t\t\t\t@media (max-width: 992px) { \n\t\t\t\t\t\t\t\t\t.elementor-images-accordion .elementor-images-accordion-wrapper .accordion_ac_box-178,\n\t\t\t\t\t\t\t\t\t.elementor-images-accordion .elementor-images-accordion-wrapper .accordion_ac_box-178:hover, .elementor-images-accordion .elementor-images-accordion-wrapper .accordion_ac_box-178.active {\n\t\t\t\t\t\t\t\t\t\tmin-height: calc(650px*1.2)!important;\n\t\t\t\t\t\t\t\t\t}\n\t\t\t\t\t\t\t\t}\n\t\t\t\t\t\t\t\t@media (max-width: 768px) {  \n\t\t\t\t\t\t\t\t\t.elementor-images-accordion .elementor-images-accordion-wrapper .accordion_ac_box-178:hover, .elementor-images-accordion .elementor-images-accordion-wrapper .accordion_ac_box-178.active {\n\t\t\t\t\t\t\t\t\t\tmin-height: calc(650px*1.5)!important;\n\t\t\t\t\t\t\t\t\t}\n\t\t\t\t\t\t\t\t\t.elementor-images-accordion .elementor-images-accordion-wrapper .accordion_ac_box-178 {\n\t\t\t\t\t\t\t\t\t\tmin-height: 250px!important;\n\t\t\t\t\t\t\t\t\t}\n\t\t\t\t\t\t\t\t}\n\t\t\t\t\t\t\t<\/style>\n\t\t\t\t\t\t\t<div class=\"accordion_overlay\">\n\t\t\t\t\t\t\t  <div class=\"accordion_content accordion_overlay_inner\">\n\t\t\t\t\t\t\t\t<h3>Supported Dry Hire<\/h3>\n\t\t\t\t\t\t\t\t\n\t\t\t\t\t\t\t\t  <div class=\"content\"><h3>Maximum flexibility: Your team, our support<\/h3><\/div>\n\t\t\t\t\t\t\t\t\t\t\t\t\t\t\t\t  <a href=\"#supporteddryhire\"   class=\"accordion_btn\">Read more<\/a>\n\t\t\t\t\t\t\t\t\t\t\t\t\t\t\t  <\/div>    \n\t\t\t\t\t\t\t <\/div>\n\n\t\t\t\t\t\t\t\t\t\t\t\t\t\t\n\t\t\t\t\t\t\t\n\t\t\t\t\t\t\t\t\n\t\t\t\t\t\t\t\n\t\t\t\t\t\t\t <div class=\"accordion-title\">\n\t\t\t\t\t\t\t\t\t\t\t\t\t\t\t\t<strong class=\"heading-padding\">Supported Dry Hire<\/strong>\n\t\t\t\t\t\t\t<\/div>\n\t\t\t\t\t\t\t\n\t\t\t\t\t\t\t\t\t\t\t\t\t\t\n\t\t\t\t\t\t\t \t\t\t\t\t\t\t <div class=\"accordion-heading accordion_trigger-178\">\n\n\t\t\t\t\t\t\t\t\t\t\t\t\t\t\t\t\t<span class=\"fa fa-plus accordion_deactive bbb heading-padding\"><\/span>\n\t\t\t\t\t\t\t\t\t<span class=\"fa fa-minus accordion_active bbb heading-padding\"><\/span>  \n\t\t\t\t\t\t\t\t\t\t\t\t\t\t\t\t <\/div>\n\t\t\t\t\t\t\t \t\t\t\t\t\t<\/div>\n\t\t\t\t\t\n\t\t\t\t\t\t\t<\/div>\n\t\t<\/div>\n\t\t\t\t<\/div>\n\t\t\t\t<\/div>\n\t\t\t\t\t<\/div>\n\t\t<\/div>\n\t\t\t\t\t<\/div>\n\t\t<\/section>\n\t\t\t\t<section class=\"elementor-section elementor-top-section elementor-element elementor-element-2cd8eb0 elementor-section-height-min-height elementor-section-boxed elementor-section-height-default elementor-section-items-middle elementor-invisible\" data-id=\"2cd8eb0\" data-element_type=\"section\" data-settings=\"{&quot;animation&quot;:&quot;fadeInUp&quot;}\">\n\t\t\t\t\t\t<div class=\"elementor-container elementor-column-gap-default\">\n\t\t\t\t\t<div class=\"elementor-column elementor-col-100 elementor-top-column elementor-element elementor-element-cec6d79\" data-id=\"cec6d79\" data-element_type=\"column\">\n\t\t\t<div class=\"elementor-widget-wrap elementor-element-populated\">\n\t\t\t\t\t\t<div class=\"elementor-element elementor-element-aab5b83 no-hyphens elementor-widget elementor-widget-text-editor\" data-id=\"aab5b83\" data-element_type=\"widget\" data-widget_type=\"text-editor.default\">\n\t\t\t\t<div class=\"elementor-widget-container\">\n\t\t\t<span id=\"aab5b83\"><\/span>\t\t\t\t<h2>Technology &amp; service for every live production<\/h2><div class=\"\" data-block=\"true\" data-editor=\"enkav\" data-offset-key=\"b45t4-0-0\"><div class=\"public-DraftStyleDefault-block public-DraftStyleDefault-ltr\" data-offset-key=\"b45t4-0-0\"><p style=\"text-align: center;\">Personality, speed and perfection have always been our strengths at FeedBack. We support live productions with everything that is missing - all from a single source and, if desired, with the necessary support.<\/p><p style=\"text-align: center;\">As Germany's largest DIGICO partner and with one of the most extensive stocks of Bricasti equipment and Shure radio links, we make it possible to achieve results at the highest level. To ensure that the sound reaches the audience, more than 1,000 L-Acoustics loudspeakers are in daily use.<\/p><p style=\"text-align: center;\">We are also well-equipped for the most demanding lighting applications with our large stock of ETC and GrandMA3 consoles. In addition, we can equip you with Riedel and GreenGo intercom systems and much more for your production - all customised, perfectly matched to your needs and of course in FeedBack quality.<\/p><\/div><\/div>\t\t\t\t\t\t<\/div>\n\t\t\t\t<\/div>\n\t\t\t\t\t<\/div>\n\t\t<\/div>\n\t\t\t\t\t<\/div>\n\t\t<\/section>\n\t\t\t\t<section class=\"elementor-section elementor-top-section elementor-element elementor-element-8449461 dryhire elementor-section-boxed elementor-section-height-default elementor-section-height-default\" data-id=\"8449461\" data-element_type=\"section\">\n\t\t\t\t\t\t<div class=\"elementor-container elementor-column-gap-default\">\n\t\t\t\t\t<div class=\"elementor-column elementor-col-100 elementor-top-column elementor-element elementor-element-18e38bb\" data-id=\"18e38bb\" data-element_type=\"column\">\n\t\t\t<div class=\"elementor-widget-wrap elementor-element-populated\">\n\t\t\t\t\t\t<div class=\"elementor-element elementor-element-51e5859 elementor-widget-divider--view-line elementor-widget elementor-widget-divider\" data-id=\"51e5859\" data-element_type=\"widget\" data-widget_type=\"divider.default\">\n\t\t\t\t<div class=\"elementor-widget-container\">\n\t\t\t<span id=\"51e5859\"><\/span>\t\t<div class=\"elementor-divider\">\n\t\t\t<span class=\"elementor-divider-separator\">\n\t\t\t\t\t\t<\/span>\n\t\t<\/div>\n\t\t\t\t<\/div>\n\t\t\t\t<\/div>\n\t\t\t\t\t<\/div>\n\t\t<\/div>\n\t\t\t\t\t<\/div>\n\t\t<\/section>\n\t\t\t\t<section class=\"elementor-section elementor-top-section elementor-element elementor-element-0b1ec3b elementor-section-height-min-height elementor-section-items-stretch elementor-reverse-mobile elementor-section-boxed elementor-section-height-default elementor-invisible\" data-id=\"0b1ec3b\" data-element_type=\"section\" data-settings=\"{&quot;background_background&quot;:&quot;classic&quot;,&quot;background_motion_fx_motion_fx_scrolling&quot;:&quot;yes&quot;,&quot;background_motion_fx_devices&quot;:[&quot;desktop&quot;,&quot;tablet&quot;],&quot;animation&quot;:&quot;fadeInLeft&quot;}\">\n\t\t\t\t\t\t<div class=\"elementor-container elementor-column-gap-default\">\n\t\t\t\t\t<div class=\"elementor-column elementor-col-50 elementor-top-column elementor-element elementor-element-dceecd2\" data-id=\"dceecd2\" data-element_type=\"column\" data-settings=\"{&quot;motion_fx_motion_fx_scrolling&quot;:&quot;yes&quot;,&quot;motion_fx_translateY_effect&quot;:&quot;yes&quot;,&quot;motion_fx_translateY_speed&quot;:{&quot;unit&quot;:&quot;px&quot;,&quot;size&quot;:&quot;2&quot;,&quot;sizes&quot;:[]},&quot;background_background&quot;:&quot;classic&quot;,&quot;background_motion_fx_motion_fx_scrolling&quot;:&quot;yes&quot;,&quot;background_motion_fx_scale_effect&quot;:&quot;yes&quot;,&quot;background_motion_fx_scale_speed&quot;:{&quot;unit&quot;:&quot;px&quot;,&quot;size&quot;:&quot;2&quot;,&quot;sizes&quot;:[]},&quot;background_motion_fx_scale_range&quot;:{&quot;unit&quot;:&quot;%&quot;,&quot;size&quot;:&quot;&quot;,&quot;sizes&quot;:{&quot;start&quot;:&quot;0&quot;,&quot;end&quot;:&quot;80&quot;}},&quot;background_motion_fx_motion_fx_mouse&quot;:&quot;yes&quot;,&quot;background_motion_fx_mouseTrack_effect&quot;:&quot;yes&quot;,&quot;background_motion_fx_scale_direction&quot;:&quot;out-in&quot;,&quot;background_motion_fx_devices&quot;:[&quot;desktop&quot;,&quot;tablet&quot;,&quot;mobile&quot;],&quot;background_motion_fx_mouseTrack_speed&quot;:{&quot;unit&quot;:&quot;px&quot;,&quot;size&quot;:1,&quot;sizes&quot;:[]},&quot;motion_fx_translateY_affectedRange&quot;:{&quot;unit&quot;:&quot;%&quot;,&quot;size&quot;:&quot;&quot;,&quot;sizes&quot;:{&quot;start&quot;:0,&quot;end&quot;:100}},&quot;motion_fx_devices&quot;:[&quot;desktop&quot;,&quot;tablet&quot;,&quot;mobile&quot;]}\">\n\t\t\t<div class=\"elementor-widget-wrap elementor-element-populated\">\n\t\t\t\t\t\t<div class=\"elementor-element elementor-element-1a94ea4 elementor-widget elementor-widget-spacer\" data-id=\"1a94ea4\" data-element_type=\"widget\" data-widget_type=\"spacer.default\">\n\t\t\t\t<div class=\"elementor-widget-container\">\n\t\t\t<span id=\"1a94ea4\"><\/span>\t\t<div class=\"elementor-spacer\">\n\t\t\t<div class=\"elementor-spacer-inner\"><\/div>\n\t\t<\/div>\n\t\t\t\t<\/div>\n\t\t\t\t<\/div>\n\t\t\t\t\t<\/div>\n\t\t<\/div>\n\t\t\t\t<div class=\"elementor-column elementor-col-50 elementor-top-column elementor-element elementor-element-c078f4e\" data-id=\"c078f4e\" data-element_type=\"column\">\n\t\t\t<div class=\"elementor-widget-wrap elementor-element-populated\">\n\t\t\t\t\t\t<div class=\"elementor-element elementor-element-0afc73a elementor-position-left elementor-vertical-align-top elementor-widget elementor-widget-image-box\" data-id=\"0afc73a\" data-element_type=\"widget\" data-widget_type=\"image-box.default\">\n\t\t\t\t<div class=\"elementor-widget-container\">\n\t\t\t<span id=\"0afc73a\"><\/span><div class=\"elementor-image-box-wrapper\"><figure class=\"elementor-image-box-img\"><img fetchpriority=\"high\" decoding=\"async\" width=\"250\" height=\"250\" src=\"https:\/\/feedback.info\/wp-content\/uploads\/2022\/02\/fb-white-icon-2.png\" class=\"attachment-full size-full wp-image-32616\" alt=\"\" srcset=\"https:\/\/feedback.info\/wp-content\/uploads\/2022\/02\/fb-white-icon-2.png 250w, https:\/\/feedback.info\/wp-content\/uploads\/2022\/02\/fb-white-icon-2-150x150.png 150w, https:\/\/feedback.info\/wp-content\/uploads\/2022\/02\/fb-white-icon-2-12x12.png 12w, https:\/\/feedback.info\/wp-content\/uploads\/2022\/02\/fb-white-icon-2-24x24.png 24w, https:\/\/feedback.info\/wp-content\/uploads\/2022\/02\/fb-white-icon-2-36x36.png 36w, https:\/\/feedback.info\/wp-content\/uploads\/2022\/02\/fb-white-icon-2-48x48.png 48w, https:\/\/feedback.info\/wp-content\/uploads\/2022\/02\/fb-white-icon-2-96x96.png 96w\" sizes=\"(max-width: 250px) 100vw, 250px\" \/><\/figure><div class=\"elementor-image-box-content\"><h2 class=\"elementor-image-box-title\">DRY HIRE<\/h2><\/div><\/div>\t\t<\/div>\n\t\t\t\t<\/div>\n\t\t\t\t<div class=\"elementor-element elementor-element-a82cbec elementor-widget elementor-widget-heading\" data-id=\"a82cbec\" data-element_type=\"widget\" data-widget_type=\"heading.default\">\n\t\t\t\t<div class=\"elementor-widget-container\">\n\t\t\t<span id=\"a82cbec\"><\/span><h3 class=\"elementor-heading-title elementor-size-default\">Exclusively for rental partners<\/h3>\t\t<\/div>\n\t\t\t\t<\/div>\n\t\t\t\t<div class=\"elementor-element elementor-element-f9715eb elementor-widget elementor-widget-text-editor\" data-id=\"f9715eb\" data-element_type=\"widget\" data-widget_type=\"text-editor.default\">\n\t\t\t\t<div class=\"elementor-widget-container\">\n\t\t\t<span id=\"f9715eb\"><\/span>\t\t\t\t<p>Our extensive pool of equipment is also available to our rental partners in dry hire. Please send your enquiries to <a href=\"mailto:dryhire@feedback.info\">dryhire@feedback.info<\/a><\/p>\t\t\t\t\t\t<\/div>\n\t\t\t\t<\/div>\n\t\t\t\t\t<\/div>\n\t\t<\/div>\n\t\t\t\t\t<\/div>\n\t\t<\/section>\n\t\t\t\t<section class=\"elementor-section elementor-top-section elementor-element elementor-element-0779d30 elementor-section-boxed elementor-section-height-default elementor-section-height-default\" data-id=\"0779d30\" data-element_type=\"section\" id=\"supporteddryhire\">\n\t\t\t\t\t\t<div class=\"elementor-container elementor-column-gap-default\">\n\t\t\t\t\t<div class=\"elementor-column elementor-col-100 elementor-top-column elementor-element elementor-element-518f04f\" data-id=\"518f04f\" data-element_type=\"column\">\n\t\t\t<div class=\"elementor-widget-wrap elementor-element-populated\">\n\t\t\t\t\t\t<div class=\"elementor-element elementor-element-4c02543 elementor-widget-divider--view-line elementor-widget elementor-widget-divider\" data-id=\"4c02543\" data-element_type=\"widget\" data-widget_type=\"divider.default\">\n\t\t\t\t<div class=\"elementor-widget-container\">\n\t\t\t<span id=\"4c02543\"><\/span>\t\t<div class=\"elementor-divider\">\n\t\t\t<span class=\"elementor-divider-separator\">\n\t\t\t\t\t\t<\/span>\n\t\t<\/div>\n\t\t\t\t<\/div>\n\t\t\t\t<\/div>\n\t\t\t\t\t<\/div>\n\t\t<\/div>\n\t\t\t\t\t<\/div>\n\t\t<\/section>\n\t\t\t\t<section class=\"elementor-section elementor-top-section elementor-element elementor-element-f3edf5f elementor-section-height-min-height elementor-section-items-stretch elementor-reverse-mobile elementor-section-boxed elementor-section-height-default elementor-invisible\" data-id=\"f3edf5f\" data-element_type=\"section\" data-settings=\"{&quot;background_background&quot;:&quot;classic&quot;,&quot;background_motion_fx_motion_fx_scrolling&quot;:&quot;yes&quot;,&quot;background_motion_fx_devices&quot;:[&quot;desktop&quot;,&quot;tablet&quot;],&quot;animation&quot;:&quot;fadeInRight&quot;}\">\n\t\t\t\t\t\t<div class=\"elementor-container elementor-column-gap-default\">\n\t\t\t\t\t<div class=\"elementor-column elementor-col-50 elementor-top-column elementor-element elementor-element-cbb2300\" data-id=\"cbb2300\" data-element_type=\"column\">\n\t\t\t<div class=\"elementor-widget-wrap elementor-element-populated\">\n\t\t\t\t\t\t<div class=\"elementor-element elementor-element-c443e7f elementor-position-left elementor-vertical-align-top elementor-widget elementor-widget-image-box\" data-id=\"c443e7f\" data-element_type=\"widget\" data-widget_type=\"image-box.default\">\n\t\t\t\t<div class=\"elementor-widget-container\">\n\t\t\t<span id=\"c443e7f\"><\/span><div class=\"elementor-image-box-wrapper\"><figure class=\"elementor-image-box-img\"><img fetchpriority=\"high\" decoding=\"async\" width=\"250\" height=\"250\" src=\"https:\/\/feedback.info\/wp-content\/uploads\/2022\/02\/fb-white-icon-2.png\" class=\"attachment-full size-full wp-image-32616\" alt=\"\" srcset=\"https:\/\/feedback.info\/wp-content\/uploads\/2022\/02\/fb-white-icon-2.png 250w, https:\/\/feedback.info\/wp-content\/uploads\/2022\/02\/fb-white-icon-2-150x150.png 150w, https:\/\/feedback.info\/wp-content\/uploads\/2022\/02\/fb-white-icon-2-12x12.png 12w, https:\/\/feedback.info\/wp-content\/uploads\/2022\/02\/fb-white-icon-2-24x24.png 24w, https:\/\/feedback.info\/wp-content\/uploads\/2022\/02\/fb-white-icon-2-36x36.png 36w, https:\/\/feedback.info\/wp-content\/uploads\/2022\/02\/fb-white-icon-2-48x48.png 48w, https:\/\/feedback.info\/wp-content\/uploads\/2022\/02\/fb-white-icon-2-96x96.png 96w\" sizes=\"(max-width: 250px) 100vw, 250px\" \/><\/figure><div class=\"elementor-image-box-content\"><h2 class=\"elementor-image-box-title\">SUPPORTED DRY HIRE<\/h2><\/div><\/div>\t\t<\/div>\n\t\t\t\t<\/div>\n\t\t\t\t<div class=\"elementor-element elementor-element-3bdefe6 elementor-widget elementor-widget-heading\" data-id=\"3bdefe6\" data-element_type=\"widget\" data-widget_type=\"heading.default\">\n\t\t\t\t<div class=\"elementor-widget-container\">\n\t\t\t<span id=\"3bdefe6\"><\/span><h3 class=\"elementor-heading-title elementor-size-default\">Maximum flexibility: <br>Your team, our support<\/h3>\t\t<\/div>\n\t\t\t\t<\/div>\n\t\t\t\t<div class=\"elementor-element elementor-element-1551fdd elementor-widget elementor-widget-text-editor\" data-id=\"1551fdd\" data-element_type=\"widget\" data-widget_type=\"text-editor.default\">\n\t\t\t\t<div class=\"elementor-widget-container\">\n\t\t\t<span id=\"1551fdd\"><\/span>\t\t\t\t<p>The team is in place, but the technology is still missing? We at FeedBack offer more than just classic dry hire.<\/p><p>We set up all the technology and then hand it over to your team with ease. Whether lighting technology, audio technology, video technology, rigging or kinetics.<\/p><p>We don't leave you alone, even after the handover. Our support is available at all times and ensures quick solutions to problems.<\/p>\t\t\t\t\t\t<\/div>\n\t\t\t\t<\/div>\n\t\t\t\t\t<\/div>\n\t\t<\/div>\n\t\t\t\t<div class=\"elementor-column elementor-col-50 elementor-top-column elementor-element elementor-element-8242615\" data-id=\"8242615\" data-element_type=\"column\" data-settings=\"{&quot;motion_fx_motion_fx_scrolling&quot;:&quot;yes&quot;,&quot;motion_fx_translateY_effect&quot;:&quot;yes&quot;,&quot;motion_fx_translateY_speed&quot;:{&quot;unit&quot;:&quot;px&quot;,&quot;size&quot;:&quot;2&quot;,&quot;sizes&quot;:[]},&quot;background_background&quot;:&quot;classic&quot;,&quot;background_motion_fx_motion_fx_scrolling&quot;:&quot;yes&quot;,&quot;background_motion_fx_scale_effect&quot;:&quot;yes&quot;,&quot;background_motion_fx_scale_speed&quot;:{&quot;unit&quot;:&quot;px&quot;,&quot;size&quot;:&quot;2&quot;,&quot;sizes&quot;:[]},&quot;background_motion_fx_scale_range&quot;:{&quot;unit&quot;:&quot;%&quot;,&quot;size&quot;:&quot;&quot;,&quot;sizes&quot;:{&quot;start&quot;:&quot;0&quot;,&quot;end&quot;:&quot;80&quot;}},&quot;background_motion_fx_motion_fx_mouse&quot;:&quot;yes&quot;,&quot;background_motion_fx_mouseTrack_effect&quot;:&quot;yes&quot;,&quot;background_motion_fx_mouseTrack_direction&quot;:&quot;negative&quot;,&quot;background_motion_fx_scale_direction&quot;:&quot;out-in&quot;,&quot;background_motion_fx_devices&quot;:[&quot;desktop&quot;,&quot;tablet&quot;,&quot;mobile&quot;],&quot;background_motion_fx_mouseTrack_speed&quot;:{&quot;unit&quot;:&quot;px&quot;,&quot;size&quot;:1,&quot;sizes&quot;:[]},&quot;motion_fx_translateY_affectedRange&quot;:{&quot;unit&quot;:&quot;%&quot;,&quot;size&quot;:&quot;&quot;,&quot;sizes&quot;:{&quot;start&quot;:0,&quot;end&quot;:100}},&quot;motion_fx_devices&quot;:[&quot;desktop&quot;,&quot;tablet&quot;,&quot;mobile&quot;]}\">\n\t\t\t<div class=\"elementor-widget-wrap elementor-element-populated\">\n\t\t\t\t\t\t<div class=\"elementor-element elementor-element-aeb0fc7 elementor-widget elementor-widget-spacer\" data-id=\"aeb0fc7\" data-element_type=\"widget\" data-widget_type=\"spacer.default\">\n\t\t\t\t<div class=\"elementor-widget-container\">\n\t\t\t<span id=\"aeb0fc7\"><\/span>\t\t<div class=\"elementor-spacer\">\n\t\t\t<div class=\"elementor-spacer-inner\"><\/div>\n\t\t<\/div>\n\t\t\t\t<\/div>\n\t\t\t\t<\/div>\n\t\t\t\t\t<\/div>\n\t\t<\/div>\n\t\t\t\t\t<\/div>\n\t\t<\/section>\n\t\t\t\t<\/div>","protected":false},"excerpt":{"rendered":"<p>Dry Hire Exklusiv f\u00fcr Rental Partner Weiterlesen Dry Hire Supported Dry Hire Maximal flexibel: \u00a0Dein Team, unser Support Weiterlesen Supported Dry Hire Technik &amp; Service f\u00fcr jede Live-Produktion Pers\u00f6nlichkeit, Schnelligkeit und Perfektion sind seit jeher unsere St\u00e4rken bei FeedBack. Wir unterst\u00fctzen Live-Produktionen mit allem, was fehlt \u2013 alles aus einer Hand und auf Wunsch auch [&hellip;]<\/p>","protected":false},"author":26,"featured_media":0,"parent":0,"menu_order":4,"comment_status":"closed","ping_status":"closed","template":"","meta":{"_acf_changed":false,"footnotes":""},"acf":[],"_links":{"self":[{"href":"https:\/\/feedback.info\/en\/wp-json\/wp\/v2\/pages\/28855"}],"collection":[{"href":"https:\/\/feedback.info\/en\/wp-json\/wp\/v2\/pages"}],"about":[{"href":"https:\/\/feedback.info\/en\/wp-json\/wp\/v2\/types\/page"}],"author":[{"embeddable":true,"href":"https:\/\/feedback.info\/en\/wp-json\/wp\/v2\/users\/26"}],"replies":[{"embeddable":true,"href":"https:\/\/feedback.info\/en\/wp-json\/wp\/v2\/comments?post=28855"}],"version-history":[{"count":706,"href":"https:\/\/feedback.info\/en\/wp-json\/wp\/v2\/pages\/28855\/revisions"}],"predecessor-version":[{"id":34690,"href":"https:\/\/feedback.info\/en\/wp-json\/wp\/v2\/pages\/28855\/revisions\/34690"}],"wp:attachment":[{"href":"https:\/\/feedback.info\/en\/wp-json\/wp\/v2\/media?parent=28855"}],"curies":[{"name":"wp","href":"https:\/\/api.w.org\/{rel}","templated":true}]}}