{"id":35428,"date":"2024-05-13T17:44:20","date_gmt":"2024-05-13T15:44:20","guid":{"rendered":"https:\/\/feedback.info\/?post_type=product&#038;p=35428"},"modified":"2024-05-27T18:20:25","modified_gmt":"2024-05-27T16:20:25","slug":"shure-dach-uhf-grundlagenschulung-variable","status":"publish","type":"product","link":"https:\/\/feedback.info\/en\/produkt\/shure-dach-uhf-grundlagenschulung-variable\/","title":{"rendered":"Shure DACH UHF-Grundlagenschulung (Variable)"},"content":{"rendered":"<p><strong><strong>Shure UHF-Grundlagen Training bei Feedback Show Systems &amp; Service GmbH<\/strong><\/strong><\/p>\n<p>Am<strong> 23. April 2024<\/strong> findet in unserem Hauptquartier in Alsdorf eine umfassende Schulung zu den Grundlagen der UHF-Technik statt.<br \/>\nDieses Training bietet eine hervorragende Gelegenheit f\u00fcr Einsteiger und Auszubildende sowie f\u00fcr alle, die ihr Wissen im Bereich der Antennen- und \u00dcbertragungstechnik auffrischen m\u00f6chten.<\/p>\n<p><strong>What you can expect:<\/strong><\/p>\n<ul>\n<li><strong>Tiefgehendes Wissen<\/strong>\u00a0\u00fcber Antennen- und \u00dcbertragungstechnik.<\/li>\n<li><strong>Praktische Anwendung<\/strong>\u00a0am Beispiel unserer Axient Digital Funkstrecken.<\/li>\n<li><strong>Tools zur Frequenzkoordination<\/strong>, um in jeder Situation die beste \u00dcbertragungssicherheit zu gew\u00e4hrleisten.<\/li>\n<\/ul>\n<p>&nbsp;<\/p>\n<p><strong>Details zur Veranstaltung:**<\/strong><\/p>\n<ul>\n<li>Ort: Feedback Show Systems &amp; Service GmbH, Konrad-Zuse-Stra\u00dfe 1f, 52477 Alsdorf<\/li>\n<li>Datum: 23. April 2024<\/li>\n<li>Kosten: Die Schulung ist kostenlos.<\/li>\n<\/ul>\n<p>&nbsp;<\/p>\n<p><strong>Anmeldung:<\/strong><\/p>\n<p>Bitte melde dich unter <strong>training@feedback.info<\/strong>\u00a0an, um deinen Platz zu sichern. Nutze diese Chance, um dein Verst\u00e4ndnis und deine F\u00e4higkeiten im Umgang mit modernster \u00dcbertragungstechnologie zu vertiefen.<\/p>\n<p>Wir freuen uns darauf, dich bei dieser spannenden Schulung zu begr\u00fc\u00dfen und gemeinsam deine Kenntnisse zu erweitern!<\/p>","protected":false},"excerpt":{"rendered":"<p>Shure UHF-Grundlagen Training bei Feedback Show Systems &amp; Service GmbH Am 23. April 2024 findet in unserem Hauptquartier in Alsdorf eine umfassende Schulung zu den Grundlagen der UHF-Technik statt. Dieses Training bietet eine hervorragende Gelegenheit f\u00fcr Einsteiger und Auszubildende sowie f\u00fcr alle, die ihr Wissen im Bereich der Antennen- und \u00dcbertragungstechnik auffrischen m\u00f6chten. Was dich [&hellip;]<\/p>","protected":false},"featured_media":35427,"comment_status":"open","ping_status":"closed","template":"","meta":{"_acf_changed":false},"product_cat":[421,455,453,454,423],"product_tag":[],"acf":[],"_links":{"self":[{"href":"https:\/\/feedback.info\/en\/wp-json\/wp\/v2\/product\/35428"}],"collection":[{"href":"https:\/\/feedback.info\/en\/wp-json\/wp\/v2\/product"}],"about":[{"href":"https:\/\/feedback.info\/en\/wp-json\/wp\/v2\/types\/product"}],"replies":[{"embeddable":true,"href":"https:\/\/feedback.info\/en\/wp-json\/wp\/v2\/comments?post=35428"}],"wp:featuredmedia":[{"embeddable":true,"href":"https:\/\/feedback.info\/en\/wp-json\/wp\/v2\/media\/35427"}],"wp:attachment":[{"href":"https:\/\/feedback.info\/en\/wp-json\/wp\/v2\/media?parent=35428"}],"wp:term":[{"taxonomy":"product_cat","embeddable":true,"href":"https:\/\/feedback.info\/en\/wp-json\/wp\/v2\/product_cat?post=35428"},{"taxonomy":"product_tag","embeddable":true,"href":"https:\/\/feedback.info\/en\/wp-json\/wp\/v2\/product_tag?post=35428"}],"curies":[{"name":"wp","href":"https:\/\/api.w.org\/{rel}","templated":true}]}}